{"id":1998,"date":"2021-09-28T20:08:06","date_gmt":"2021-09-28T18:08:06","guid":{"rendered":"https:\/\/bernik.si\/?page_id=1998"},"modified":"2021-09-28T20:08:06","modified_gmt":"2021-09-28T18:08:06","slug":"grafische-ausstattung-von-messen","status":"publish","type":"page","link":"https:\/\/bernik.si\/de\/leistungen\/grafische-ausstattung-von-messen\/","title":{"rendered":"Grafische Ausstattung von Messen"},"content":{"rendered":"<div class=\"wpb-content-wrapper\"><p>[vc_row css=&#8221;.vc_custom_1615286337864{padding-top: 6vh !important;}&#8221;][vc_column width=&#8221;1\/2&#8243;]<div id=\"cz_96693\" class=\"cz_96693 cz_title clr cz_mobile_text_center cz_title_pos_inline\"><div class=\"cz_title_content\"><div class=\"cz_wpe_content\"><h1>Grafische Ausstattung von Messen<\/h1>\n<\/div><\/div><\/div><div id=\"cz_63808\" class=\"cz_63808 cz_title clr cz_title_pos_inline\"><div class=\"cz_title_content\"><div class=\"cz_wpe_content\"><p>Grafische Ausstattung von Messen mit der Firma Mifas d.o.o.<\/p>\n<\/div><\/div><\/div><div class=\"cz_gap clr \" style=\"height: 28px\"><\/div>[\/vc_column][vc_column width=&#8221;1\/2&#8243;]<div id=\"cz_12528\" data-position=\"top-right\" class=\"cz_12528 cz_image clr cz_image_no_fx center_on_mobile\"><div class=\"\" ><div class=\"cz_image_in\"><div class=\"cz_main_image\"><img loading=\"lazy\" decoding=\"async\" width=\"1024\" height=\"768\" src=\"https:\/\/bernik.si\/wp-content\/uploads\/2021\/09\/graficna-oprema-sejmov-napisi-bernik-2.jpg\" class=\"attachment-full\" alt=\"\" title=\"graficna-oprema-sejmov-napisi-bernik-2\" srcset=\"https:\/\/bernik.si\/wp-content\/uploads\/2021\/09\/graficna-oprema-sejmov-napisi-bernik-2.jpg 1024w, https:\/\/bernik.si\/wp-content\/uploads\/2021\/09\/graficna-oprema-sejmov-napisi-bernik-2-300x225.jpg 300w, https:\/\/bernik.si\/wp-content\/uploads\/2021\/09\/graficna-oprema-sejmov-napisi-bernik-2-768x576.jpg 768w, https:\/\/bernik.si\/wp-content\/uploads\/2021\/09\/graficna-oprema-sejmov-napisi-bernik-2-600x450.jpg 600w\" sizes=\"auto, (max-width: 1024px) 100vw, 1024px\" \/><\/div><\/div><\/div><\/div>[\/vc_column][\/vc_row][vc_row full_width=&#8221;stretch_row_content_no_spaces&#8221;][vc_column]<div class=\"relative\"><div id=\"cz_37203\" class=\"cz_sep2 cz_sep2_1 cz_sep_rotatey_bottom\"><svg preserveAspectRatio=\"none\" xmlns=\"http:\/\/www.w3.org\/2000\/svg\" width=\"100%\"  viewBox=\"0 0 1600 218\">\n\t\t\t\t\t\t  <path style=\"fill:transparent\" d=\"M-36,213.5L1605,0V228.5H-36v-15Z\"\/>\n\t\t\t\t\t\t  <path style=\"fill:transparent\" d=\"M-36,213.5L1605,32V228.5H-36v-15Z\"\/>\n\t\t\t\t\t\t  <path style=\"fill:#f7f7f7\" d=\"M-36,212L1605,62V228H-36V212Z\"\/>\n\t\t\t\t\t\t<\/svg><\/div><\/div>[\/vc_column][\/vc_row][vc_row full_width=&#8221;stretch_row&#8221; parallax=&#8221;content-moving&#8221; parallax_speed_bg=&#8221;2.5&#8243; css=&#8221;.vc_custom_1615357123927{padding-top: 6vh !important;padding-bottom: 14vh !important;background-color: #f7f7f7 !important;}&#8221;][vc_column]<div id=\"cz_65542\" class=\"cz_65542 cz_title clr cz_mobile_text_center cz_title_ba_line cz_title_pos_inline tac\"><div class=\"cz_title_content\"><div class=\"cz_wpe_content\"><h3 style=\"text-align: center;\"><span style=\"font-family: inherit; color: #b7d43a;\"><span style=\"font-weight: 400; color: #1d1f28;\">GALERIE<br \/>\n_<\/span><br \/>\n<\/span><\/h3>\n<\/div><div class=\"cz_title_line cz_line_after_title\"><span>_<\/span><\/div><\/div><\/div><div class=\"cz_gap clr \" style=\"height: 32px\"><\/div><div id=\"cz_49093\" class=\"cz_grid_p cz_49093\"><div class=\"cz_grid cz_grid_1 clr cz_grid_c4 cz_grid_1_no_title cz_grid_1_mid tac cz_grid_two_columns_on_mobile cz_tooltip cz_grid_1_no_title\"><div class=\"cz_grid_item cz_grid_first\"><\/div><div class=\"cz_grid_item \"><div data-title=\"Grafi\u010dna oprema sejmov\"><a class=\"cz_grid_link \" href=\"https:\/\/bernik.si\/wp-content\/uploads\/2021\/09\/graficna-oprema-sejmov-napisi-bernik-4.jpg\" data-xtra-lightbox><img decoding=\"async\" class=\"\" src=\"https:\/\/bernik.si\/wp-content\/uploads\/2021\/09\/graficna-oprema-sejmov-napisi-bernik-4-400x400.jpg\" width=\"400\" height=\"400\" alt=\"Grafi\u010dna oprema sejmov\" title=\"graficna-oprema-sejmov-napisi-bernik-4\" loading=\"lazy\" \/><div class=\"cz_grid_details\"><i class=\"fa fa-search cz_grid_icon\"><\/i><\/div><\/a><\/div><\/div><div class=\"cz_grid_item \"><div data-title=\"graficna-oprema-sejmov-napisi-bernik-3\"><a class=\"cz_grid_link \" href=\"https:\/\/bernik.si\/wp-content\/uploads\/2021\/09\/graficna-oprema-sejmov-napisi-bernik-3.jpg\" data-xtra-lightbox><img decoding=\"async\" class=\"\" src=\"https:\/\/bernik.si\/wp-content\/uploads\/2021\/09\/graficna-oprema-sejmov-napisi-bernik-3-400x400.jpg\" width=\"400\" height=\"400\" alt=\"graficna-oprema-sejmov-napisi-bernik-3\" title=\"graficna-oprema-sejmov-napisi-bernik-3\" loading=\"lazy\" \/><div class=\"cz_grid_details\"><i class=\"fa fa-search cz_grid_icon\"><\/i><\/div><\/a><\/div><\/div><div class=\"cz_grid_item \"><div data-title=\"graficna-oprema-sejmov-napisi-bernik-2\"><a class=\"cz_grid_link \" href=\"https:\/\/bernik.si\/wp-content\/uploads\/2021\/09\/graficna-oprema-sejmov-napisi-bernik-2.jpg\" data-xtra-lightbox><img decoding=\"async\" class=\"\" src=\"https:\/\/bernik.si\/wp-content\/uploads\/2021\/09\/graficna-oprema-sejmov-napisi-bernik-2-400x400.jpg\" width=\"400\" height=\"400\" alt=\"graficna-oprema-sejmov-napisi-bernik-2\" title=\"graficna-oprema-sejmov-napisi-bernik-2\" loading=\"lazy\" \/><div class=\"cz_grid_details\"><i class=\"fa fa-search cz_grid_icon\"><\/i><\/div><\/a><\/div><\/div><div class=\"cz_grid_item \"><div data-title=\"graficna-oprema-sejmov-napisi-bernik-1\"><a class=\"cz_grid_link \" href=\"https:\/\/bernik.si\/wp-content\/uploads\/2021\/09\/graficna-oprema-sejmov-napisi-bernik-1.jpg\" data-xtra-lightbox><img decoding=\"async\" class=\"\" src=\"https:\/\/bernik.si\/wp-content\/uploads\/2021\/09\/graficna-oprema-sejmov-napisi-bernik-1-400x400.jpg\" width=\"400\" height=\"400\" alt=\"graficna-oprema-sejmov-napisi-bernik-1\" title=\"graficna-oprema-sejmov-napisi-bernik-1\" loading=\"lazy\" \/><div class=\"cz_grid_details\"><i class=\"fa fa-search cz_grid_icon\"><\/i><\/div><\/a><\/div><\/div><\/div><\/div>[\/vc_column][\/vc_row][vc_row][vc_column]<div class=\"cz_eqh cz_content_box_parent_fx  \"><div id=\"cz_53576\" class=\"cz_53576 cz_content_box clr\"><div class=\"cz_box_front clr\"><div class=\"cz_box_front_inner clr \"><span><\/span><div><div id=\"cz_65675\" class=\"cz_65675 cz_title clr cz_mobile_text_center cz_title_ba_line cz_title_pos_inline tac\"><div class=\"cz_title_content\"><div class=\"cz_wpe_content\"><h3 style=\"text-align: center;\"><span style=\"font-family: inherit; color: #b7d43a;\"><span style=\"font-weight: 400;\">SIE VERTRAUEN UNS AUCH<\/span><br \/>\n<\/span><\/h3>\n<\/div><div class=\"cz_title_line cz_line_after_title\"><span>_<\/span><\/div><\/div><\/div><div id=\"cz_38010\" class=\"cz_38010 slick arrows_mlr no_dots\" data-slick='{\"selector\":\"\",\"slidesToShow\":5,\"slidesToScroll\":1,\"rows\":1,\"fade\":false,\"vertical\":false,\"verticalSwiping\":false,\"infinite\":true,\"speed\":1000,\"swipeToSlide\":true,\"centerMode\":false,\"centerPadding\":\"\",\"variableWidth\":false,\"autoplay\":true,\"autoplaySpeed\":4000,\"dots\":true,\"counts\":false,\"responsive\":[{\"breakpoint\":769,\"settings\":{\"slidesToShow\":3,\"slidesToScroll\":1,\"infinite\":true,\"touchMove\":true}},{\"breakpoint\":481,\"settings\":{\"slidesToShow\":1,\"slidesToScroll\":1,\"infinite\":true,\"touchMove\":true}}]}' data-slick-prev=\"fa fa-chevron-left\" data-slick-next=\"fa fa-chevron-right\"><div id=\"cz_51083\" data-position=\"top-right\" class=\"cz_51083 cz_image clr cz_image_no_fx center_on_mobile\"><div class=\"\" ><div class=\"cz_image_in\"><div class=\"cz_main_image\"><img loading=\"lazy\" decoding=\"async\" width=\"180\" height=\"118\" src=\"https:\/\/bernik.si\/wp-content\/uploads\/2021\/03\/alpetur1-180x118-1.png\" class=\"attachment-full\" alt=\"\" title=\"alpetur1-180x118\" \/><\/div><\/div><\/div><\/div><div id=\"cz_75716\" data-position=\"top-right\" class=\"cz_75716 cz_image clr cz_image_no_fx center_on_mobile\"><div class=\"\" ><div class=\"cz_image_in\"><div class=\"cz_main_image\"><img loading=\"lazy\" decoding=\"async\" width=\"180\" height=\"118\" src=\"https:\/\/bernik.si\/wp-content\/uploads\/2021\/03\/bss1-180x118-1.png\" class=\"attachment-full\" alt=\"\" title=\"bss1-180x118\" \/><\/div><\/div><\/div><\/div><div id=\"cz_14601\" data-position=\"top-right\" class=\"cz_14601 cz_image clr cz_image_no_fx center_on_mobile\"><div class=\"\" ><div class=\"cz_image_in\"><div class=\"cz_main_image\"><img loading=\"lazy\" decoding=\"async\" width=\"180\" height=\"118\" src=\"https:\/\/bernik.si\/wp-content\/uploads\/2021\/03\/elan-180x118-1.png\" class=\"attachment-full\" alt=\"\" title=\"elan-180x118\" \/><\/div><\/div><\/div><\/div><div id=\"cz_103749\" data-position=\"top-right\" class=\"cz_103749 cz_image clr cz_image_no_fx center_on_mobile\"><div class=\"\" ><div class=\"cz_image_in\"><div class=\"cz_main_image\"><img loading=\"lazy\" decoding=\"async\" width=\"180\" height=\"118\" src=\"https:\/\/bernik.si\/wp-content\/uploads\/2021\/08\/sij-acroni.jpg\" class=\"attachment-full\" alt=\"\" title=\"sij-acroni\" \/><\/div><\/div><\/div><\/div><div id=\"cz_35746\" data-position=\"top-right\" class=\"cz_35746 cz_image clr cz_image_no_fx center_on_mobile\"><div class=\"\" ><div class=\"cz_image_in\"><div class=\"cz_main_image\"><img loading=\"lazy\" decoding=\"async\" width=\"180\" height=\"118\" src=\"https:\/\/bernik.si\/wp-content\/uploads\/2021\/08\/tnp.jpg\" class=\"attachment-full\" alt=\"\" title=\"tnp\" \/><\/div><\/div><\/div><\/div><div id=\"cz_44963\" data-position=\"top-right\" class=\"cz_44963 cz_image clr cz_image_no_fx center_on_mobile\"><div class=\"\" ><div class=\"cz_image_in\"><div class=\"cz_main_image\"><img loading=\"lazy\" decoding=\"async\" width=\"180\" height=\"118\" src=\"https:\/\/bernik.si\/wp-content\/uploads\/2021\/08\/ISKRA.jpg\" class=\"attachment-full\" alt=\"\" title=\"ISKRA\" \/><\/div><\/div><\/div><\/div><div id=\"cz_46214\" data-position=\"top-right\" class=\"cz_46214 cz_image clr cz_image_no_fx center_on_mobile\"><div class=\"\" ><div class=\"cz_image_in\"><div class=\"cz_main_image\"><img loading=\"lazy\" decoding=\"async\" width=\"180\" height=\"118\" src=\"https:\/\/bernik.si\/wp-content\/uploads\/2021\/08\/trziski-muzej.jpg\" class=\"attachment-full\" alt=\"\" title=\"trziski-muzej\" \/><\/div><\/div><\/div><\/div><\/div><div><\/div><\/div><\/div><\/div><\/div><\/div>[\/vc_column][\/vc_row][vc_row full_width=&#8221;stretch_row&#8221; css=&#8221;.vc_custom_1615362629703{padding-top: 6vh !important;padding-bottom: 12vh !important;}&#8221;][vc_column]<div class=\"cz_eqh cz_content_box_parent_fx  \"><div class=\"fx_zoom_0_hover\"><div id=\"cz_108401\" class=\"cz_108401 cz_content_box clr\"><div class=\"cz_box_front clr\"><div class=\"cz_box_front_inner clr \"><span><\/span><div>[vc_row_inner][vc_column_inner offset=&#8221;vc_col-lg-9 vc_col-md-12 vc_col-xs-12&#8243;]<div id=\"cz_74009\" class=\"cz_74009 cz_title clr cz_title_has_icon cz_title_pos_inline\"><div class=\"cz_title_content\"><i class=\"cz_title_icon_before fa fa-check\"><\/i><div class=\"cz_wpe_content\"><h3><span style=\"font-size: 32px; color: #ffffff;\">Grafische Dienstleistungen f\u00fcr Ihr Unternehmen.<\/span><\/h3>\n<p><span style=\"color: #ffffff;\">Lassen Sie uns \u00fcber Ihre neue grafische Ausstattung des Fahrzeugs, des Gel\u00e4ndes, der Werbetafel sprechen \u2026<\/span><\/p>\n<\/div><\/div><\/div>[\/vc_column_inner][vc_column_inner offset=&#8221;vc_col-lg-3 vc_col-md-12 vc_col-xs-12&#8243;]<div class=\"cz_btn_center\"><div class=\"cz_33230_p\"><a id=\"cz_33230\" class=\"cz_33230 cz_btn cz_btn_txt_no_fx cz_btn_no_fx\" href=\"\/de\/kontakt\/\" title=\"Kontakt\" aria-label=\"Kontakt\"><span><i class=\"fa fa-angle-right\"><\/i><strong>Kontaktieren Sie uns<\/strong><\/span><b class=\"cz_btn_onhover\"><i class=\"fa fa-angle-right\"><\/i><strong>Kontaktieren Sie uns<\/strong><\/b><\/a><\/div><\/div>[\/vc_column_inner][\/vc_row_inner]<\/div><\/div><\/div><\/div><\/div><\/div>[\/vc_column][\/vc_row][vc_row][vc_column]<div class=\"cz_btn_center\"><div class=\"cz_42305_p\"><a id=\"cz_42305\" class=\"cz_42305 cz_btn cz_btn_txt_no_fx cz_btn_no_fx\" href=\"\/de\/leistungen\/\" title=\"Storitve Napisi Bernik\" aria-label=\"Storitve Napisi Bernik\"><span><strong>UNSERE LEISTUNGEN<\/strong><\/span><b class=\"cz_btn_onhover\"><strong>UNSERE LEISTUNGEN<\/strong><\/b><\/a><\/div><\/div>[\/vc_column][\/vc_row][vc_row full_width=&#8221;stretch_row_content_no_spaces&#8221;][vc_column]<div class=\"relative\"><div id=\"cz_91796\" class=\"cz_sep2 cz_sep2_1 cz_sep_rotatey_bottom\"><svg preserveAspectRatio=\"none\" xmlns=\"http:\/\/www.w3.org\/2000\/svg\" width=\"100%\"  viewBox=\"0 0 1600 218\">\n\t\t\t\t\t\t  <path style=\"fill:transparent\" d=\"M-36,213.5L1605,0V228.5H-36v-15Z\"\/>\n\t\t\t\t\t\t  <path style=\"fill:transparent\" d=\"M-36,213.5L1605,32V228.5H-36v-15Z\"\/>\n\t\t\t\t\t\t  <path style=\"fill:#12141d\" d=\"M-36,212L1605,62V228H-36V212Z\"\/>\n\t\t\t\t\t\t<\/svg><\/div><\/div>[\/vc_column][\/vc_row]<\/p>\n<\/div>","protected":false},"excerpt":{"rendered":"<p>[vc_row css=&#8221;.vc_custom_1615286337864{padding-top: 6vh !important;}&#8221;][vc_column width=&#8221;1\/2&#8243;][\/vc_column][vc_column width=&#8221;1\/2&#8243;][\/vc_column][\/vc_row][vc_row full_width=&#8221;stretch_row_content_no_spaces&#8221;][vc_column][\/vc_column][\/vc_row][vc_row full_width=&#8221;stretch_row&#8221; parallax=&#8221;content-moving&#8221; parallax_speed_bg=&#8221;2.5&#8243; css=&#8221;.vc_custom_1615357123927{padding-top: &#8230; <\/p>\n","protected":false},"author":1,"featured_media":0,"parent":1684,"menu_order":0,"comment_status":"closed","ping_status":"closed","template":"","meta":{"iawp_total_views":2,"footnotes":""},"class_list":["post-1998","page","type-page","status-publish","hentry"],"yoast_head":"<!-- This site is optimized with the Yoast SEO plugin v26.1.1 - https:\/\/yoast.com\/wordpress\/plugins\/seo\/ -->\n<title>Grafische Ausstattung von Messen - Napisi Bernik. Grafi\u010dne storitve za va\u0161 posel.<\/title>\n<meta name=\"description\" content=\"Polepitev stekel z raznimi motivi in logotipi ter dekoracije na stenah.Izdelava in namestitev nalepk, 3D napisov\u2026\" \/>\n<meta name=\"robots\" content=\"index, follow, max-snippet:-1, max-image-preview:large, max-video-preview:-1\" \/>\n<link rel=\"canonical\" href=\"https:\/\/bernik.si\/de\/leistungen\/grafische-ausstattung-von-messen\/\" \/>\n<meta property=\"og:locale\" content=\"de_DE\" \/>\n<meta property=\"og:type\" content=\"article\" \/>\n<meta property=\"og:title\" content=\"Grafische Ausstattung von Messen - Napisi Bernik. Grafi\u010dne storitve za va\u0161 posel.\" \/>\n<meta property=\"og:description\" content=\"Polepitev stekel z raznimi motivi in logotipi ter dekoracije na stenah.Izdelava in namestitev nalepk, 3D napisov\u2026\" \/>\n<meta property=\"og:url\" content=\"https:\/\/bernik.si\/de\/leistungen\/grafische-ausstattung-von-messen\/\" \/>\n<meta property=\"og:site_name\" content=\"Napisi Bernik. Grafi\u010dne storitve za va\u0161 posel.\" \/>\n<meta property=\"og:image\" content=\"https:\/\/bernik.si\/wp-content\/uploads\/2021\/03\/Napisi-bernik-graficna-oprema-prostorov.jpg\" \/>\n<meta name=\"twitter:card\" content=\"summary_large_image\" \/>\n<meta name=\"twitter:label1\" content=\"Gesch\u00e4tzte Lesezeit\" \/>\n\t<meta name=\"twitter:data1\" content=\"1\u00a0Minute\" \/>\n<script type=\"application\/ld+json\" class=\"yoast-schema-graph\">{\"@context\":\"https:\/\/schema.org\",\"@graph\":[{\"@type\":\"WebPage\",\"@id\":\"https:\/\/bernik.si\/de\/leistungen\/grafische-ausstattung-von-messen\/\",\"url\":\"https:\/\/bernik.si\/de\/leistungen\/grafische-ausstattung-von-messen\/\",\"name\":\"Grafische Ausstattung von Messen - Napisi Bernik. Grafi\u010dne storitve za va\u0161 posel.\",\"isPartOf\":{\"@id\":\"https:\/\/bernik.si\/de\/#website\"},\"datePublished\":\"2021-09-28T18:08:06+00:00\",\"description\":\"Polepitev stekel z raznimi motivi in logotipi ter dekoracije na stenah.Izdelava in namestitev nalepk, 3D napisov\u2026\",\"breadcrumb\":{\"@id\":\"https:\/\/bernik.si\/de\/leistungen\/grafische-ausstattung-von-messen\/#breadcrumb\"},\"inLanguage\":\"de\",\"potentialAction\":[{\"@type\":\"ReadAction\",\"target\":[\"https:\/\/bernik.si\/de\/leistungen\/grafische-ausstattung-von-messen\/\"]}]},{\"@type\":\"BreadcrumbList\",\"@id\":\"https:\/\/bernik.si\/de\/leistungen\/grafische-ausstattung-von-messen\/#breadcrumb\",\"itemListElement\":[{\"@type\":\"ListItem\",\"position\":1,\"name\":\"Home\",\"item\":\"https:\/\/bernik.si\/de\/\"},{\"@type\":\"ListItem\",\"position\":2,\"name\":\"Leistungen\",\"item\":\"https:\/\/bernik.si\/de\/leistungen\/\"},{\"@type\":\"ListItem\",\"position\":3,\"name\":\"Grafische Ausstattung von Messen\"}]},{\"@type\":\"WebSite\",\"@id\":\"https:\/\/bernik.si\/de\/#website\",\"url\":\"https:\/\/bernik.si\/de\/\",\"name\":\"Napisi Bernik. Grafi\u010dne storitve za va\u0161 posel.\",\"description\":\"Grafi\u010dne storitve za va\u0161 posel\",\"potentialAction\":[{\"@type\":\"SearchAction\",\"target\":{\"@type\":\"EntryPoint\",\"urlTemplate\":\"https:\/\/bernik.si\/de\/?s={search_term_string}\"},\"query-input\":{\"@type\":\"PropertyValueSpecification\",\"valueRequired\":true,\"valueName\":\"search_term_string\"}}],\"inLanguage\":\"de\"}]}<\/script>\n<!-- \/ Yoast SEO plugin. -->","yoast_head_json":{"title":"Grafische Ausstattung von Messen - Napisi Bernik. Grafi\u010dne storitve za va\u0161 posel.","description":"Polepitev stekel z raznimi motivi in logotipi ter dekoracije na stenah.Izdelava in namestitev nalepk, 3D napisov\u2026","robots":{"index":"index","follow":"follow","max-snippet":"max-snippet:-1","max-image-preview":"max-image-preview:large","max-video-preview":"max-video-preview:-1"},"canonical":"https:\/\/bernik.si\/de\/leistungen\/grafische-ausstattung-von-messen\/","og_locale":"de_DE","og_type":"article","og_title":"Grafische Ausstattung von Messen - Napisi Bernik. Grafi\u010dne storitve za va\u0161 posel.","og_description":"Polepitev stekel z raznimi motivi in logotipi ter dekoracije na stenah.Izdelava in namestitev nalepk, 3D napisov\u2026","og_url":"https:\/\/bernik.si\/de\/leistungen\/grafische-ausstattung-von-messen\/","og_site_name":"Napisi Bernik. Grafi\u010dne storitve za va\u0161 posel.","og_image":[{"url":"https:\/\/bernik.si\/wp-content\/uploads\/2021\/03\/Napisi-bernik-graficna-oprema-prostorov.jpg","type":"","width":"","height":""}],"twitter_card":"summary_large_image","twitter_misc":{"Gesch\u00e4tzte Lesezeit":"1\u00a0Minute"},"schema":{"@context":"https:\/\/schema.org","@graph":[{"@type":"WebPage","@id":"https:\/\/bernik.si\/de\/leistungen\/grafische-ausstattung-von-messen\/","url":"https:\/\/bernik.si\/de\/leistungen\/grafische-ausstattung-von-messen\/","name":"Grafische Ausstattung von Messen - Napisi Bernik. Grafi\u010dne storitve za va\u0161 posel.","isPartOf":{"@id":"https:\/\/bernik.si\/de\/#website"},"datePublished":"2021-09-28T18:08:06+00:00","description":"Polepitev stekel z raznimi motivi in logotipi ter dekoracije na stenah.Izdelava in namestitev nalepk, 3D napisov\u2026","breadcrumb":{"@id":"https:\/\/bernik.si\/de\/leistungen\/grafische-ausstattung-von-messen\/#breadcrumb"},"inLanguage":"de","potentialAction":[{"@type":"ReadAction","target":["https:\/\/bernik.si\/de\/leistungen\/grafische-ausstattung-von-messen\/"]}]},{"@type":"BreadcrumbList","@id":"https:\/\/bernik.si\/de\/leistungen\/grafische-ausstattung-von-messen\/#breadcrumb","itemListElement":[{"@type":"ListItem","position":1,"name":"Home","item":"https:\/\/bernik.si\/de\/"},{"@type":"ListItem","position":2,"name":"Leistungen","item":"https:\/\/bernik.si\/de\/leistungen\/"},{"@type":"ListItem","position":3,"name":"Grafische Ausstattung von Messen"}]},{"@type":"WebSite","@id":"https:\/\/bernik.si\/de\/#website","url":"https:\/\/bernik.si\/de\/","name":"Napisi Bernik. Grafi\u010dne storitve za va\u0161 posel.","description":"Grafi\u010dne storitve za va\u0161 posel","potentialAction":[{"@type":"SearchAction","target":{"@type":"EntryPoint","urlTemplate":"https:\/\/bernik.si\/de\/?s={search_term_string}"},"query-input":{"@type":"PropertyValueSpecification","valueRequired":true,"valueName":"search_term_string"}}],"inLanguage":"de"}]}},"_links":{"self":[{"href":"https:\/\/bernik.si\/de\/wp-json\/wp\/v2\/pages\/1998","targetHints":{"allow":["GET"]}}],"collection":[{"href":"https:\/\/bernik.si\/de\/wp-json\/wp\/v2\/pages"}],"about":[{"href":"https:\/\/bernik.si\/de\/wp-json\/wp\/v2\/types\/page"}],"author":[{"embeddable":true,"href":"https:\/\/bernik.si\/de\/wp-json\/wp\/v2\/users\/1"}],"replies":[{"embeddable":true,"href":"https:\/\/bernik.si\/de\/wp-json\/wp\/v2\/comments?post=1998"}],"version-history":[{"count":3,"href":"https:\/\/bernik.si\/de\/wp-json\/wp\/v2\/pages\/1998\/revisions"}],"predecessor-version":[{"id":2017,"href":"https:\/\/bernik.si\/de\/wp-json\/wp\/v2\/pages\/1998\/revisions\/2017"}],"up":[{"embeddable":true,"href":"https:\/\/bernik.si\/de\/wp-json\/wp\/v2\/pages\/1684"}],"wp:attachment":[{"href":"https:\/\/bernik.si\/de\/wp-json\/wp\/v2\/media?parent=1998"}],"curies":[{"name":"wp","href":"https:\/\/api.w.org\/{rel}","templated":true}]}}