{"id":1913,"date":"2021-07-15T11:31:45","date_gmt":"2021-07-15T10:31:45","guid":{"rendered":"https:\/\/bernik.si\/promocijska-darila\/"},"modified":"2021-09-06T10:27:43","modified_gmt":"2021-09-06T09:27:43","slug":"werbegeschenke","status":"publish","type":"page","link":"https:\/\/bernik.si\/de\/werbegeschenke\/","title":{"rendered":"Werbegeschenke"},"content":{"rendered":"<div class=\"wpb-content-wrapper\"><p>[vc_row css=&#8221;.vc_custom_1626348203843{padding-top: 6vh !important;padding-bottom: 3vh !important;}&#8221;][vc_column]<div id=\"cz_48422\" class=\"cz_48422 cz_title clr cz_title_pos_inline\"><div class=\"cz_title_content\"><div class=\"cz_wpe_content\"><h2 class=\"twelve columns widget-title\">Herstellung aller Arten von Drucksachen, Grafik-Dienstleistungen<\/h2>\n<\/div><\/div><\/div>[\/vc_column][\/vc_row][vc_row][vc_column width=&#8221;1\/3&#8243;]<div class=\"cz_eqh cz_content_box_parent_fx  \"><div class=\"fx_zoom_0_hover\"><div id=\"cz_32390\" class=\"cz_32390 cz_content_box clr\"><div class=\"cz_box_front clr\"><div class=\"cz_box_front_inner clr \"><span><\/span><div><div id=\"cz_23954\" data-position=\"top-right\" class=\"cz_23954 cz_image clr cz_image_no_fx center_on_mobile\"><div class=\"\" ><div class=\"cz_image_in\"><div class=\"cz_main_image\"><img loading=\"lazy\" decoding=\"async\" width=\"500\" height=\"330\" src=\"https:\/\/bernik.si\/wp-content\/uploads\/2021\/07\/oblacila.jpg\" class=\"attachment-full\" alt=\"\" title=\"oblacila\" srcset=\"https:\/\/bernik.si\/wp-content\/uploads\/2021\/07\/oblacila.jpg 500w, https:\/\/bernik.si\/wp-content\/uploads\/2021\/07\/oblacila-300x198.jpg 300w\" sizes=\"auto, (max-width: 500px) 100vw, 500px\" \/><\/div><\/div><\/div><\/div><div class=\"cz_gap clr \" style=\"height: 22px\"><\/div><div id=\"cz_78927\" class=\"cz_78927 cz_title clr cz_title_pos_inline\"><div class=\"cz_title_content\"><div class=\"cz_wpe_content\"><h3 class=\"block-title\">Mode<\/h3>\n<p><strong><span class=\"dopinfo\">F\u00dcR FREIZEIT<\/span><\/strong><\/p>\n<\/div><\/div><\/div><div class=\"cz_gap clr \" style=\"height: 22px\"><\/div><div id=\"cz_18731\" class=\"cz_18731 cz_title clr cz_title_pos_inline\"><div class=\"cz_title_content\"><div class=\"cz_wpe_content\"><p>Verkauf von T-Shirts, Kappen, Velourskleidung und anderen Kleidungsst\u00fccken f\u00fcr Freizeitbesch\u00e4ftigungen.<\/p>\n<\/div><\/div><\/div><\/div><\/div><\/div><\/div><\/div><\/div>[\/vc_column][vc_column width=&#8221;1\/3&#8243;]<div class=\"cz_eqh cz_content_box_parent_fx  \"><div class=\"fx_zoom_0_hover\"><div id=\"cz_32390\" class=\"cz_32390 cz_content_box clr\"><div class=\"cz_box_front clr\"><div class=\"cz_box_front_inner clr \"><span><\/span><div><div id=\"cz_26133\" data-position=\"top-right\" class=\"cz_26133 cz_image clr cz_image_no_fx center_on_mobile\"><div class=\"\" ><div class=\"cz_image_in\"><div class=\"cz_main_image\"><img loading=\"lazy\" decoding=\"async\" width=\"500\" height=\"330\" src=\"https:\/\/bernik.si\/wp-content\/uploads\/2021\/07\/Poslovno-novoletni-program.jpg\" class=\"attachment-full\" alt=\"\" title=\"Poslovno novoletni program\" srcset=\"https:\/\/bernik.si\/wp-content\/uploads\/2021\/07\/Poslovno-novoletni-program.jpg 500w, https:\/\/bernik.si\/wp-content\/uploads\/2021\/07\/Poslovno-novoletni-program-300x198.jpg 300w\" sizes=\"auto, (max-width: 500px) 100vw, 500px\" \/><\/div><\/div><\/div><\/div><div class=\"cz_gap clr \" style=\"height: 22px\"><\/div><div id=\"cz_48870\" class=\"cz_48870 cz_title clr cz_title_pos_inline\"><div class=\"cz_title_content\"><div class=\"cz_wpe_content\"><h3 class=\"block-title\">Neujahrprogramm f\u00fcr Gesch\u00e4ftsleute<\/h3>\n<p><strong><span class=\"dopinfo\">BUSINESS-GESCHENKE<\/span><\/strong><\/p>\n<\/div><\/div><\/div><div class=\"cz_gap clr \" style=\"height: 22px\"><\/div><div id=\"cz_19540\" class=\"cz_19540 cz_title clr cz_title_pos_inline\"><div class=\"cz_title_content\"><div class=\"cz_wpe_content\"><p>Kalender, Terminkalender, Plankalender. Auf alle Artikel sind Druckereien m\u00f6glich.<\/p>\n<\/div><\/div><\/div><\/div><\/div><\/div><\/div><\/div><\/div>[\/vc_column][vc_column width=&#8221;1\/3&#8243;]<div class=\"cz_eqh cz_content_box_parent_fx  \"><div class=\"fx_zoom_0_hover\"><div id=\"cz_32390\" class=\"cz_32390 cz_content_box clr\"><div class=\"cz_box_front clr\"><div class=\"cz_box_front_inner clr \"><span><\/span><div><div id=\"cz_26295\" data-position=\"top-right\" class=\"cz_26295 cz_image clr cz_image_no_fx center_on_mobile\"><div class=\"\" ><div class=\"cz_image_in\"><div class=\"cz_main_image\"><img loading=\"lazy\" decoding=\"async\" width=\"500\" height=\"330\" src=\"https:\/\/bernik.si\/wp-content\/uploads\/2021\/07\/Promocijski-artikli.jpg\" class=\"attachment-full\" alt=\"\" title=\"Promocijski-artikli\" srcset=\"https:\/\/bernik.si\/wp-content\/uploads\/2021\/07\/Promocijski-artikli.jpg 500w, https:\/\/bernik.si\/wp-content\/uploads\/2021\/07\/Promocijski-artikli-300x198.jpg 300w\" sizes=\"auto, (max-width: 500px) 100vw, 500px\" \/><\/div><\/div><\/div><\/div><div class=\"cz_gap clr \" style=\"height: 22px\"><\/div><div id=\"cz_62073\" class=\"cz_62073 cz_title clr cz_title_pos_inline\"><div class=\"cz_title_content\"><div class=\"cz_wpe_content\"><h3 class=\"block-title\">Werbegeschenke<\/h3>\n<p><strong><span class=\"dopinfo\">EINEN GUTEN EINDRUCK<\/span><\/strong><\/p>\n<\/div><\/div><\/div><div class=\"cz_gap clr \" style=\"height: 22px\"><\/div><div id=\"cz_88941\" class=\"cz_88941 cz_title clr cz_title_pos_inline\"><div class=\"cz_title_content\"><div class=\"cz_wpe_content\"><p>Regenschirme, Taschen, Becher, Halst\u00fccher, Geschenkt\u00fcten, Schreibstifte, Feuerzeuge.<\/p>\n<p>Auf alle Artikel sind Druckereien und Stickereien m\u00f6glich.<\/p>\n<\/div><\/div><\/div><\/div><\/div><\/div><\/div><\/div><\/div>[\/vc_column][\/vc_row][vc_row css=&#8221;.vc_custom_1630482786872{padding-top: 6vh !important;padding-bottom: 8vh !important;}&#8221;][vc_column]<div class=\"cz_btn_center\"><div class=\"cz_109133_p\"><a id=\"cz_109133\" class=\"cz_109133 cz_btn cz_btn_txt_no_fx cz_btn_zoom_in\" href=\"\/de\/kataloge\/\"><span><i class=\"fas fa-file-image\"><\/i><strong>Durchsuchen Sie Online-Kataloge<\/strong><\/span><b class=\"cz_btn_onhover\"><i class=\"fas fa-file-image\"><\/i><strong>Durchsuchen Sie Online-Kataloge<\/strong><\/b><\/a><\/div><\/div>[\/vc_column][\/vc_row]<\/p>\n<\/div>","protected":false},"excerpt":{"rendered":"<p>[vc_row css=&#8221;.vc_custom_1626348203843{padding-top: 6vh !important;padding-bottom: 3vh !important;}&#8221;][vc_column][\/vc_column][\/vc_row][vc_row][vc_column width=&#8221;1\/3&#8243;][\/vc_column][vc_column width=&#8221;1\/3&#8243;][\/vc_column][vc_column width=&#8221;1\/3&#8243;][\/vc_column][\/vc_row][vc_row css=&#8221;.vc_custom_1630482786872{padding-top: 6vh &#8230; <\/p>\n","protected":false},"author":1,"featured_media":0,"parent":0,"menu_order":0,"comment_status":"closed","ping_status":"closed","template":"","meta":{"iawp_total_views":12,"footnotes":""},"class_list":["post-1913","page","type-page","status-publish","hentry"],"yoast_head":"<!-- This site is optimized with the Yoast SEO plugin v26.1.1 - https:\/\/yoast.com\/wordpress\/plugins\/seo\/ -->\n<title>Werbegeschenke - Napisi Bernik. Grafi\u010dne storitve za va\u0161 posel.<\/title>\n<meta name=\"robots\" content=\"index, follow, max-snippet:-1, max-image-preview:large, max-video-preview:-1\" \/>\n<link rel=\"canonical\" href=\"https:\/\/bernik.si\/de\/werbegeschenke\/\" \/>\n<meta property=\"og:locale\" content=\"de_DE\" \/>\n<meta property=\"og:type\" content=\"article\" \/>\n<meta property=\"og:title\" content=\"Werbegeschenke - Napisi Bernik. Grafi\u010dne storitve za va\u0161 posel.\" \/>\n<meta property=\"og:description\" content=\"[vc_row css=&#8221;.vc_custom_1626348203843{padding-top: 6vh !important;padding-bottom: 3vh !important;}&#8221;][vc_column][\/vc_column][\/vc_row][vc_row][vc_column width=&#8221;1\/3&#8243;][\/vc_column][vc_column width=&#8221;1\/3&#8243;][\/vc_column][vc_column width=&#8221;1\/3&#8243;][\/vc_column][\/vc_row][vc_row css=&#8221;.vc_custom_1630482786872{padding-top: 6vh ...\" \/>\n<meta property=\"og:url\" content=\"https:\/\/bernik.si\/de\/werbegeschenke\/\" \/>\n<meta property=\"og:site_name\" content=\"Napisi Bernik. Grafi\u010dne storitve za va\u0161 posel.\" \/>\n<meta property=\"article:modified_time\" content=\"2021-09-06T09:27:43+00:00\" \/>\n<meta name=\"twitter:card\" content=\"summary_large_image\" \/>\n<meta name=\"twitter:label1\" content=\"Gesch\u00e4tzte Lesezeit\" \/>\n\t<meta name=\"twitter:data1\" content=\"1\u00a0Minute\" \/>\n<script type=\"application\/ld+json\" class=\"yoast-schema-graph\">{\"@context\":\"https:\/\/schema.org\",\"@graph\":[{\"@type\":\"WebPage\",\"@id\":\"https:\/\/bernik.si\/de\/werbegeschenke\/\",\"url\":\"https:\/\/bernik.si\/de\/werbegeschenke\/\",\"name\":\"Werbegeschenke - Napisi Bernik. Grafi\u010dne storitve za va\u0161 posel.\",\"isPartOf\":{\"@id\":\"https:\/\/bernik.si\/de\/#website\"},\"datePublished\":\"2021-07-15T10:31:45+00:00\",\"dateModified\":\"2021-09-06T09:27:43+00:00\",\"breadcrumb\":{\"@id\":\"https:\/\/bernik.si\/de\/werbegeschenke\/#breadcrumb\"},\"inLanguage\":\"de\",\"potentialAction\":[{\"@type\":\"ReadAction\",\"target\":[\"https:\/\/bernik.si\/de\/werbegeschenke\/\"]}]},{\"@type\":\"BreadcrumbList\",\"@id\":\"https:\/\/bernik.si\/de\/werbegeschenke\/#breadcrumb\",\"itemListElement\":[{\"@type\":\"ListItem\",\"position\":1,\"name\":\"Home\",\"item\":\"https:\/\/bernik.si\/de\/\"},{\"@type\":\"ListItem\",\"position\":2,\"name\":\"Werbegeschenke\"}]},{\"@type\":\"WebSite\",\"@id\":\"https:\/\/bernik.si\/de\/#website\",\"url\":\"https:\/\/bernik.si\/de\/\",\"name\":\"Napisi Bernik. Grafi\u010dne storitve za va\u0161 posel.\",\"description\":\"Grafi\u010dne storitve za va\u0161 posel\",\"potentialAction\":[{\"@type\":\"SearchAction\",\"target\":{\"@type\":\"EntryPoint\",\"urlTemplate\":\"https:\/\/bernik.si\/de\/?s={search_term_string}\"},\"query-input\":{\"@type\":\"PropertyValueSpecification\",\"valueRequired\":true,\"valueName\":\"search_term_string\"}}],\"inLanguage\":\"de\"}]}<\/script>\n<!-- \/ Yoast SEO plugin. -->","yoast_head_json":{"title":"Werbegeschenke - Napisi Bernik. Grafi\u010dne storitve za va\u0161 posel.","robots":{"index":"index","follow":"follow","max-snippet":"max-snippet:-1","max-image-preview":"max-image-preview:large","max-video-preview":"max-video-preview:-1"},"canonical":"https:\/\/bernik.si\/de\/werbegeschenke\/","og_locale":"de_DE","og_type":"article","og_title":"Werbegeschenke - Napisi Bernik. Grafi\u010dne storitve za va\u0161 posel.","og_description":"[vc_row css=&#8221;.vc_custom_1626348203843{padding-top: 6vh !important;padding-bottom: 3vh !important;}&#8221;][vc_column][\/vc_column][\/vc_row][vc_row][vc_column width=&#8221;1\/3&#8243;][\/vc_column][vc_column width=&#8221;1\/3&#8243;][\/vc_column][vc_column width=&#8221;1\/3&#8243;][\/vc_column][\/vc_row][vc_row css=&#8221;.vc_custom_1630482786872{padding-top: 6vh ...","og_url":"https:\/\/bernik.si\/de\/werbegeschenke\/","og_site_name":"Napisi Bernik. Grafi\u010dne storitve za va\u0161 posel.","article_modified_time":"2021-09-06T09:27:43+00:00","twitter_card":"summary_large_image","twitter_misc":{"Gesch\u00e4tzte Lesezeit":"1\u00a0Minute"},"schema":{"@context":"https:\/\/schema.org","@graph":[{"@type":"WebPage","@id":"https:\/\/bernik.si\/de\/werbegeschenke\/","url":"https:\/\/bernik.si\/de\/werbegeschenke\/","name":"Werbegeschenke - Napisi Bernik. Grafi\u010dne storitve za va\u0161 posel.","isPartOf":{"@id":"https:\/\/bernik.si\/de\/#website"},"datePublished":"2021-07-15T10:31:45+00:00","dateModified":"2021-09-06T09:27:43+00:00","breadcrumb":{"@id":"https:\/\/bernik.si\/de\/werbegeschenke\/#breadcrumb"},"inLanguage":"de","potentialAction":[{"@type":"ReadAction","target":["https:\/\/bernik.si\/de\/werbegeschenke\/"]}]},{"@type":"BreadcrumbList","@id":"https:\/\/bernik.si\/de\/werbegeschenke\/#breadcrumb","itemListElement":[{"@type":"ListItem","position":1,"name":"Home","item":"https:\/\/bernik.si\/de\/"},{"@type":"ListItem","position":2,"name":"Werbegeschenke"}]},{"@type":"WebSite","@id":"https:\/\/bernik.si\/de\/#website","url":"https:\/\/bernik.si\/de\/","name":"Napisi Bernik. Grafi\u010dne storitve za va\u0161 posel.","description":"Grafi\u010dne storitve za va\u0161 posel","potentialAction":[{"@type":"SearchAction","target":{"@type":"EntryPoint","urlTemplate":"https:\/\/bernik.si\/de\/?s={search_term_string}"},"query-input":{"@type":"PropertyValueSpecification","valueRequired":true,"valueName":"search_term_string"}}],"inLanguage":"de"}]}},"_links":{"self":[{"href":"https:\/\/bernik.si\/de\/wp-json\/wp\/v2\/pages\/1913","targetHints":{"allow":["GET"]}}],"collection":[{"href":"https:\/\/bernik.si\/de\/wp-json\/wp\/v2\/pages"}],"about":[{"href":"https:\/\/bernik.si\/de\/wp-json\/wp\/v2\/types\/page"}],"author":[{"embeddable":true,"href":"https:\/\/bernik.si\/de\/wp-json\/wp\/v2\/users\/1"}],"replies":[{"embeddable":true,"href":"https:\/\/bernik.si\/de\/wp-json\/wp\/v2\/comments?post=1913"}],"version-history":[{"count":5,"href":"https:\/\/bernik.si\/de\/wp-json\/wp\/v2\/pages\/1913\/revisions"}],"predecessor-version":[{"id":1918,"href":"https:\/\/bernik.si\/de\/wp-json\/wp\/v2\/pages\/1913\/revisions\/1918"}],"wp:attachment":[{"href":"https:\/\/bernik.si\/de\/wp-json\/wp\/v2\/media?parent=1913"}],"curies":[{"name":"wp","href":"https:\/\/api.w.org\/{rel}","templated":true}]}}