{"id":1837,"date":"2017-06-10T08:24:41","date_gmt":"2017-06-10T07:24:41","guid":{"rendered":"https:\/\/bernik.si\/o-nas\/"},"modified":"2021-09-06T10:48:49","modified_gmt":"2021-09-06T09:48:49","slug":"ueber-uns","status":"publish","type":"page","link":"https:\/\/bernik.si\/de\/ueber-uns\/","title":{"rendered":"\u00dcber uns"},"content":{"rendered":"<div class=\"wpb-content-wrapper\"><p>[vc_row content_placement=&#8221;bottom&#8221; css=&#8221;.vc_custom_1630484610071{padding-top: 6vh !important;}&#8221;][vc_column width=&#8221;1\/2&#8243;]<div id=\"cz_44575\" class=\"cz_44575 cz_title clr cz_mobile_text_center cz_title_pos_inline\"><div class=\"cz_title_content\"><span class=\"cz_line_side_solo\">_<\/span><div class=\"cz_wpe_content\"><p><span style=\"font-family: inherit; color: #b7d43a;\"><span style=\"font-weight: 400;\">\u00dcber uns<\/span><br \/>\n<\/span><\/p>\n<\/div><\/div><\/div><div id=\"cz_56061\" class=\"cz_56061 cz_title clr cz_mobile_text_center cz_title_pos_inline\"><div class=\"cz_title_content\"><div class=\"cz_wpe_content\"><p><span style=\"font-weight: 600; font-size: 28px;\">Wir sind kreativ und reaktionsschnell<br \/>\n<\/span><\/p>\n<\/div><\/div><\/div>[vc_column_text]Wir bieten eine Vielzahl von grafischen Dienstleistungen, Herstellung von Bannern, Fahnen und Warnschildern und -tafeln, Informationstafeln und Werbetafeln.[\/vc_column_text]<ul id=\"cz_107802\" class=\"cz_107802 cz_stylish_list clr cz_sl_icon_hover_none\"><li class=\"clr\"><div class=\"cz_sl_icon\"><i class=\"fa czico-188-arrows-2 mr10\" ><\/i><\/div><div><span>Grafikausstattung von Fahrzeugen<\/span><\/div><\/li><li class=\"clr\"><div class=\"cz_sl_icon\"><i class=\"fa czico-188-arrows-2 mr10\" ><\/i><\/div><div><span>Grafikausstattung von R\u00e4umen<\/span><\/div><\/li><li class=\"clr\"><div class=\"cz_sl_icon\"><i class=\"fa czico-188-arrows-2 mr10\" ><\/i><\/div><div><span>Transparente und Fahnen<\/span><\/div><\/li><li class=\"clr\"><div class=\"cz_sl_icon\"><i class=\"fa czico-188-arrows-2 mr10\" ><\/i><\/div><div><span>Mobil-Marketing<\/span><\/div><\/li><li class=\"clr\"><div class=\"cz_sl_icon\"><i class=\"fa czico-188-arrows-2 mr10\" ><\/i><\/div><div><span>Hinweistafeln und Warnzeichen<\/span><\/div><\/li><li class=\"clr\"><div class=\"cz_sl_icon\"><i class=\"fa czico-188-arrows-2 mr10\" ><\/i><\/div><div><span>Offsetdruck<\/span><\/div><\/li><li class=\"clr\"><div class=\"cz_sl_icon\"><i class=\"fa czico-188-arrows-2 mr10\" ><\/i><\/div><div><span>Siebdruck<\/span><\/div><\/li><li class=\"clr\"><div class=\"cz_sl_icon\"><i class=\"fa czico-188-arrows-2 mr10\" ><\/i><\/div><div><span>Schautafeln und Fronttafeln<\/span><\/div><\/li><\/ul><div class=\"cz_gap clr \" style=\"height: 28px\"><\/div><div id=\"cz_58476\" class=\"cz_58476 cz_title clr cz_title_pos_inline\"><div class=\"cz_title_content\"><div class=\"cz_wpe_content\"><h2>Grafische Dienstleistungen f\u00fcr Ihr Unternehmen.<\/h2>\n<p>&nbsp;<\/p>\n<h3><span style=\"color: #b7d43a;\">Wir verwirklichen Ihre Ideen.<\/span><\/h3>\n<\/div><\/div><\/div><div class=\"cz_gap clr \" style=\"height: 28px\"><\/div>[\/vc_column][vc_column width=&#8221;1\/2&#8243;]<div id=\"cz_28856\" data-position=\"top-right\" class=\"cz_28856 cz_image clr cz_image_no_fx center_on_mobile\"><div class=\"\" ><div class=\"cz_image_in\"><div class=\"cz_main_image\"><img loading=\"lazy\" decoding=\"async\" width=\"1400\" height=\"1400\" src=\"https:\/\/bernik.si\/wp-content\/uploads\/2021\/07\/Napisi-bernik-kombi-graficna-oprema.jpg\" class=\"attachment-full\" alt=\"\" title=\"Napisi-bernik-kombi-graficna-oprema\" srcset=\"https:\/\/bernik.si\/wp-content\/uploads\/2021\/07\/Napisi-bernik-kombi-graficna-oprema.jpg 1400w, https:\/\/bernik.si\/wp-content\/uploads\/2021\/07\/Napisi-bernik-kombi-graficna-oprema-300x300.jpg 300w, https:\/\/bernik.si\/wp-content\/uploads\/2021\/07\/Napisi-bernik-kombi-graficna-oprema-1024x1024.jpg 1024w, https:\/\/bernik.si\/wp-content\/uploads\/2021\/07\/Napisi-bernik-kombi-graficna-oprema-150x150.jpg 150w, https:\/\/bernik.si\/wp-content\/uploads\/2021\/07\/Napisi-bernik-kombi-graficna-oprema-768x768.jpg 768w, https:\/\/bernik.si\/wp-content\/uploads\/2021\/07\/Napisi-bernik-kombi-graficna-oprema-600x600.jpg 600w\" sizes=\"auto, (max-width: 1400px) 100vw, 1400px\" \/><\/div><\/div><\/div><\/div>[\/vc_column][\/vc_row][vc_row full_width=&#8221;stretch_row&#8221; parallax=&#8221;content-moving&#8221; parallax_speed_bg=&#8221;2.5&#8243; css=&#8221;.vc_custom_1614855078966{background-color: #1d1f28 !important;}&#8221;][vc_column]<div class=\"cz_gap clr  hide_on_mobile\" style=\"height: 120px\"><\/div><div class=\"cz_gap show_on_mobile clr\" style=\"height: 90px\"><\/div>[vc_row_inner][vc_column_inner width=&#8221;1\/3&#8243;]<div id=\"cz_17343\" data-disable-comma=\"\" data-duration=\"2000\" data-delay=\"0000\" class=\"cz_17343 cz_counter clr tac cz_2rows\"><div class=\"\"><span class=\"cz_counter_num_wrap\"><span class=\"cz_counter_num\">160<\/span><i>+<\/i><\/span><span class=\"cz_counter_after\">Zufriedene Kunden<\/span><\/div><\/div>[\/vc_column_inner][vc_column_inner width=&#8221;1\/3&#8243;]<div id=\"cz_88626\" data-disable-comma=\"\" data-duration=\"2000\" data-delay=\"0000\" class=\"cz_88626 cz_counter clr tac cz_2rows\"><div class=\"\"><span class=\"cz_counter_num_wrap\"><span class=\"cz_counter_num\">700<\/span><\/span><span class=\"cz_counter_after\">Umgesetzte Projekte<\/span><\/div><\/div>[\/vc_column_inner][vc_column_inner width=&#8221;1\/3&#8243;]<div id=\"cz_107157\" data-disable-comma=\"\" data-duration=\"2000\" data-delay=\"0000\" class=\"cz_107157 cz_counter clr tac cz_2rows\"><div class=\"\"><span class=\"cz_counter_num_wrap\"><span class=\"cz_counter_num\">15<\/span><i>+<\/i><\/span><span class=\"cz_counter_after\">Jahre im Gesch\u00e4ft<\/span><\/div><\/div>[\/vc_column_inner][\/vc_row_inner]<div class=\"cz_gap clr  hide_on_mobile\" style=\"height: 100px\"><\/div><div class=\"cz_gap show_on_mobile clr\" style=\"height: 50px\"><\/div><div id=\"cz_32256\" class=\"cz_32256 cz_title clr cz_mobile_text_center cz_title_ba_line cz_title_pos_inline tac\"><div class=\"cz_title_content\"><div class=\"cz_wpe_content\"><p style=\"text-align: center;\"><span style=\"font-family: inherit; color: #b7d43a;\"><span style=\"font-weight: 400;\">SIE VERTRAUEN UNS AUCH<\/span><br \/>\n<\/span><\/p>\n<\/div><div class=\"cz_title_line cz_line_after_title\"><span>_<\/span><\/div><\/div><\/div><div class=\"cz_gap clr \" style=\"height: 120px\"><\/div>[\/vc_column][\/vc_row][vc_row][vc_column]<div class=\"cz_eqh cz_content_box_parent_fx  \"><div id=\"cz_53576\" class=\"cz_53576 cz_content_box clr\"><div class=\"cz_box_front clr\"><div class=\"cz_box_front_inner clr \"><span><\/span><div><div id=\"cz_38010\" class=\"cz_38010 slick arrows_mlr no_dots\" data-slick='{\"selector\":\"\",\"slidesToShow\":5,\"slidesToScroll\":1,\"rows\":1,\"fade\":false,\"vertical\":false,\"verticalSwiping\":false,\"infinite\":true,\"speed\":1000,\"swipeToSlide\":true,\"centerMode\":false,\"centerPadding\":\"\",\"variableWidth\":false,\"autoplay\":true,\"autoplaySpeed\":4000,\"dots\":true,\"counts\":false,\"responsive\":[{\"breakpoint\":769,\"settings\":{\"slidesToShow\":3,\"slidesToScroll\":1,\"infinite\":true,\"touchMove\":true}},{\"breakpoint\":481,\"settings\":{\"slidesToShow\":1,\"slidesToScroll\":1,\"infinite\":true,\"touchMove\":true}}]}' data-slick-prev=\"fa fa-chevron-left\" data-slick-next=\"fa fa-chevron-right\"><div id=\"cz_51083\" data-position=\"top-right\" class=\"cz_51083 cz_image clr cz_image_no_fx center_on_mobile\"><div class=\"\" ><div class=\"cz_image_in\"><div class=\"cz_main_image\"><img loading=\"lazy\" decoding=\"async\" width=\"180\" height=\"118\" src=\"https:\/\/bernik.si\/wp-content\/uploads\/2021\/03\/alpetur1-180x118-1.png\" class=\"attachment-full\" alt=\"\" title=\"alpetur1-180x118\" \/><\/div><\/div><\/div><\/div><div id=\"cz_75716\" data-position=\"top-right\" class=\"cz_75716 cz_image clr cz_image_no_fx center_on_mobile\"><div class=\"\" ><div class=\"cz_image_in\"><div class=\"cz_main_image\"><img loading=\"lazy\" decoding=\"async\" width=\"180\" height=\"118\" src=\"https:\/\/bernik.si\/wp-content\/uploads\/2021\/03\/bss1-180x118-1.png\" class=\"attachment-full\" alt=\"\" title=\"bss1-180x118\" \/><\/div><\/div><\/div><\/div><div id=\"cz_14601\" data-position=\"top-right\" class=\"cz_14601 cz_image clr cz_image_no_fx center_on_mobile\"><div class=\"\" ><div class=\"cz_image_in\"><div class=\"cz_main_image\"><img loading=\"lazy\" decoding=\"async\" width=\"180\" height=\"118\" src=\"https:\/\/bernik.si\/wp-content\/uploads\/2021\/03\/elan-180x118-1.png\" class=\"attachment-full\" alt=\"\" title=\"elan-180x118\" \/><\/div><\/div><\/div><\/div><div id=\"cz_103749\" data-position=\"top-right\" class=\"cz_103749 cz_image clr cz_image_no_fx center_on_mobile\"><div class=\"\" ><div class=\"cz_image_in\"><div class=\"cz_main_image\"><img loading=\"lazy\" decoding=\"async\" width=\"180\" height=\"118\" src=\"https:\/\/bernik.si\/wp-content\/uploads\/2021\/08\/sij-acroni.jpg\" class=\"attachment-full\" alt=\"\" title=\"sij-acroni\" \/><\/div><\/div><\/div><\/div><div id=\"cz_35746\" data-position=\"top-right\" class=\"cz_35746 cz_image clr cz_image_no_fx center_on_mobile\"><div class=\"\" ><div class=\"cz_image_in\"><div class=\"cz_main_image\"><img loading=\"lazy\" decoding=\"async\" width=\"180\" height=\"118\" src=\"https:\/\/bernik.si\/wp-content\/uploads\/2021\/08\/tnp.jpg\" class=\"attachment-full\" alt=\"\" title=\"tnp\" \/><\/div><\/div><\/div><\/div><div id=\"cz_44963\" data-position=\"top-right\" class=\"cz_44963 cz_image clr cz_image_no_fx center_on_mobile\"><div class=\"\" ><div class=\"cz_image_in\"><div class=\"cz_main_image\"><img loading=\"lazy\" decoding=\"async\" width=\"180\" height=\"118\" src=\"https:\/\/bernik.si\/wp-content\/uploads\/2021\/08\/ISKRA.jpg\" class=\"attachment-full\" alt=\"\" title=\"ISKRA\" \/><\/div><\/div><\/div><\/div><div id=\"cz_46214\" data-position=\"top-right\" class=\"cz_46214 cz_image clr cz_image_no_fx center_on_mobile\"><div class=\"\" ><div class=\"cz_image_in\"><div class=\"cz_main_image\"><img loading=\"lazy\" decoding=\"async\" width=\"180\" height=\"118\" src=\"https:\/\/bernik.si\/wp-content\/uploads\/2021\/08\/trziski-muzej.jpg\" class=\"attachment-full\" alt=\"\" title=\"trziski-muzej\" \/><\/div><\/div><\/div><\/div><\/div><div><\/div><\/div><\/div><\/div><\/div><\/div>[\/vc_column][\/vc_row][vc_row][vc_column]<div class=\"cz_btn_center\"><div class=\"cz_89211_p\"><a id=\"cz_89211\" class=\"cz_89211 cz_btn cz_btn_txt_no_fx cz_btn_no_fx\" href=\"\/de\/kontakt\/\" title=\"Kontakt\" aria-label=\"Kontakt\"><span><strong>BEGLEITEN SIE UNS<\/strong><\/span><b class=\"cz_btn_onhover\"><strong>BEGLEITEN SIE UNS<\/strong><\/b><\/a><\/div><\/div>[\/vc_column][\/vc_row][vc_row full_width=&#8221;stretch_row&#8221; css=&#8221;.vc_custom_1615320871003{padding-top: 6vh !important;padding-bottom: 12vh !important;}&#8221;][vc_column]<div class=\"cz_eqh cz_content_box_parent_fx  \"><div class=\"fx_zoom_0_hover\"><div id=\"cz_95920\" class=\"cz_95920 cz_content_box clr wpb_animate_when_almost_visible bottom-to-top\"><div class=\"cz_box_front clr\"><div class=\"cz_box_front_inner clr \"><span><\/span><div>[vc_row_inner][vc_column_inner offset=&#8221;vc_col-lg-9 vc_col-md-12 vc_col-xs-12&#8243;]<div id=\"cz_59328\" class=\"cz_59328 cz_title clr cz_title_has_icon cz_title_pos_inline\"><div class=\"cz_title_content\"><i class=\"cz_title_icon_before fa fa-check\"><\/i><div class=\"cz_wpe_content\"><h3><span style=\"font-size: 32px; color: #ffffff;\">Ihre neue Grafik Ausr\u00fcstung<\/span><\/h3>\n<p><span style=\"color: #ffffff;\">Reden wir \u00fcber Ihre neue grafische Ausstattung des Fahrzeugs, R\u00e4umlichkeiten, Werbe-Board &#8230;<\/span><\/p>\n<\/div><\/div><\/div>[\/vc_column_inner][vc_column_inner offset=&#8221;vc_col-lg-3 vc_col-md-12 vc_col-xs-12&#8243;]<div class=\"cz_btn_center\"><div class=\"cz_15972_p\"><a id=\"cz_15972\" class=\"cz_15972 cz_btn cz_btn_txt_no_fx cz_btn_no_fx\" href=\"\/de\/kontakt\/\" title=\"Kontakt\" aria-label=\"Kontakt\"><span><i class=\"fa fa-angle-right\"><\/i><strong>Kontaktiere uns<\/strong><\/span><b class=\"cz_btn_onhover\"><i class=\"fa fa-angle-right\"><\/i><strong>Kontaktiere uns<\/strong><\/b><\/a><\/div><\/div>[\/vc_column_inner][\/vc_row_inner]<\/div><\/div><\/div><\/div><\/div><\/div>[\/vc_column][\/vc_row][vc_row full_width=&#8221;stretch_row_content_no_spaces&#8221;][vc_column]<div class=\"relative\"><div id=\"cz_91796\" class=\"cz_sep2 cz_sep2_1 cz_sep_rotatey_bottom\"><svg preserveAspectRatio=\"none\" xmlns=\"http:\/\/www.w3.org\/2000\/svg\" width=\"100%\"  viewBox=\"0 0 1600 218\">\n\t\t\t\t\t\t  <path style=\"fill:transparent\" d=\"M-36,213.5L1605,0V228.5H-36v-15Z\"\/>\n\t\t\t\t\t\t  <path style=\"fill:transparent\" d=\"M-36,213.5L1605,32V228.5H-36v-15Z\"\/>\n\t\t\t\t\t\t  <path style=\"fill:#12141d\" d=\"M-36,212L1605,62V228H-36V212Z\"\/>\n\t\t\t\t\t\t<\/svg><\/div><\/div>[\/vc_column][\/vc_row]<\/p>\n<\/div>","protected":false},"excerpt":{"rendered":"<p>[vc_row content_placement=&#8221;bottom&#8221; css=&#8221;.vc_custom_1630484610071{padding-top: 6vh !important;}&#8221;][vc_column width=&#8221;1\/2&#8243;][vc_column_text]Wir bieten eine Vielzahl von grafischen &#8230; <\/p>\n","protected":false},"author":1,"featured_media":0,"parent":0,"menu_order":0,"comment_status":"closed","ping_status":"closed","template":"","meta":{"iawp_total_views":8,"footnotes":""},"class_list":["post-1837","page","type-page","status-publish","hentry"],"yoast_head":"<!-- This site is optimized with the Yoast SEO plugin v26.1.1 - https:\/\/yoast.com\/wordpress\/plugins\/seo\/ -->\n<title>\u00dcber uns - Napisi Bernik. Grafi\u010dne storitve za va\u0161 posel.<\/title>\n<meta name=\"robots\" content=\"index, follow, max-snippet:-1, max-image-preview:large, max-video-preview:-1\" \/>\n<link rel=\"canonical\" href=\"https:\/\/bernik.si\/de\/ueber-uns\/\" \/>\n<meta property=\"og:locale\" content=\"de_DE\" \/>\n<meta property=\"og:type\" content=\"article\" \/>\n<meta property=\"og:title\" content=\"\u00dcber uns - Napisi Bernik. Grafi\u010dne storitve za va\u0161 posel.\" \/>\n<meta property=\"og:description\" content=\"[vc_row content_placement=&#8221;bottom&#8221; css=&#8221;.vc_custom_1630484610071{padding-top: 6vh !important;}&#8221;][vc_column width=&#8221;1\/2&#8243;][vc_column_text]Wir bieten eine Vielzahl von grafischen ...\" \/>\n<meta property=\"og:url\" content=\"https:\/\/bernik.si\/de\/ueber-uns\/\" \/>\n<meta property=\"og:site_name\" content=\"Napisi Bernik. Grafi\u010dne storitve za va\u0161 posel.\" \/>\n<meta property=\"article:modified_time\" content=\"2021-09-06T09:48:49+00:00\" \/>\n<meta name=\"twitter:card\" content=\"summary_large_image\" \/>\n<meta name=\"twitter:label1\" content=\"Gesch\u00e4tzte Lesezeit\" \/>\n\t<meta name=\"twitter:data1\" content=\"2\u00a0Minuten\" \/>\n<script type=\"application\/ld+json\" class=\"yoast-schema-graph\">{\"@context\":\"https:\/\/schema.org\",\"@graph\":[{\"@type\":\"WebPage\",\"@id\":\"https:\/\/bernik.si\/de\/ueber-uns\/\",\"url\":\"https:\/\/bernik.si\/de\/ueber-uns\/\",\"name\":\"\u00dcber uns - Napisi Bernik. Grafi\u010dne storitve za va\u0161 posel.\",\"isPartOf\":{\"@id\":\"https:\/\/bernik.si\/de\/#website\"},\"datePublished\":\"2017-06-10T07:24:41+00:00\",\"dateModified\":\"2021-09-06T09:48:49+00:00\",\"breadcrumb\":{\"@id\":\"https:\/\/bernik.si\/de\/ueber-uns\/#breadcrumb\"},\"inLanguage\":\"de\",\"potentialAction\":[{\"@type\":\"ReadAction\",\"target\":[\"https:\/\/bernik.si\/de\/ueber-uns\/\"]}]},{\"@type\":\"BreadcrumbList\",\"@id\":\"https:\/\/bernik.si\/de\/ueber-uns\/#breadcrumb\",\"itemListElement\":[{\"@type\":\"ListItem\",\"position\":1,\"name\":\"Home\",\"item\":\"https:\/\/bernik.si\/de\/\"},{\"@type\":\"ListItem\",\"position\":2,\"name\":\"\u00dcber uns\"}]},{\"@type\":\"WebSite\",\"@id\":\"https:\/\/bernik.si\/de\/#website\",\"url\":\"https:\/\/bernik.si\/de\/\",\"name\":\"Napisi Bernik. Grafi\u010dne storitve za va\u0161 posel.\",\"description\":\"Grafi\u010dne storitve za va\u0161 posel\",\"potentialAction\":[{\"@type\":\"SearchAction\",\"target\":{\"@type\":\"EntryPoint\",\"urlTemplate\":\"https:\/\/bernik.si\/de\/?s={search_term_string}\"},\"query-input\":{\"@type\":\"PropertyValueSpecification\",\"valueRequired\":true,\"valueName\":\"search_term_string\"}}],\"inLanguage\":\"de\"}]}<\/script>\n<!-- \/ Yoast SEO plugin. -->","yoast_head_json":{"title":"\u00dcber uns - Napisi Bernik. Grafi\u010dne storitve za va\u0161 posel.","robots":{"index":"index","follow":"follow","max-snippet":"max-snippet:-1","max-image-preview":"max-image-preview:large","max-video-preview":"max-video-preview:-1"},"canonical":"https:\/\/bernik.si\/de\/ueber-uns\/","og_locale":"de_DE","og_type":"article","og_title":"\u00dcber uns - Napisi Bernik. Grafi\u010dne storitve za va\u0161 posel.","og_description":"[vc_row content_placement=&#8221;bottom&#8221; css=&#8221;.vc_custom_1630484610071{padding-top: 6vh !important;}&#8221;][vc_column width=&#8221;1\/2&#8243;][vc_column_text]Wir bieten eine Vielzahl von grafischen ...","og_url":"https:\/\/bernik.si\/de\/ueber-uns\/","og_site_name":"Napisi Bernik. Grafi\u010dne storitve za va\u0161 posel.","article_modified_time":"2021-09-06T09:48:49+00:00","twitter_card":"summary_large_image","twitter_misc":{"Gesch\u00e4tzte Lesezeit":"2\u00a0Minuten"},"schema":{"@context":"https:\/\/schema.org","@graph":[{"@type":"WebPage","@id":"https:\/\/bernik.si\/de\/ueber-uns\/","url":"https:\/\/bernik.si\/de\/ueber-uns\/","name":"\u00dcber uns - Napisi Bernik. Grafi\u010dne storitve za va\u0161 posel.","isPartOf":{"@id":"https:\/\/bernik.si\/de\/#website"},"datePublished":"2017-06-10T07:24:41+00:00","dateModified":"2021-09-06T09:48:49+00:00","breadcrumb":{"@id":"https:\/\/bernik.si\/de\/ueber-uns\/#breadcrumb"},"inLanguage":"de","potentialAction":[{"@type":"ReadAction","target":["https:\/\/bernik.si\/de\/ueber-uns\/"]}]},{"@type":"BreadcrumbList","@id":"https:\/\/bernik.si\/de\/ueber-uns\/#breadcrumb","itemListElement":[{"@type":"ListItem","position":1,"name":"Home","item":"https:\/\/bernik.si\/de\/"},{"@type":"ListItem","position":2,"name":"\u00dcber uns"}]},{"@type":"WebSite","@id":"https:\/\/bernik.si\/de\/#website","url":"https:\/\/bernik.si\/de\/","name":"Napisi Bernik. Grafi\u010dne storitve za va\u0161 posel.","description":"Grafi\u010dne storitve za va\u0161 posel","potentialAction":[{"@type":"SearchAction","target":{"@type":"EntryPoint","urlTemplate":"https:\/\/bernik.si\/de\/?s={search_term_string}"},"query-input":{"@type":"PropertyValueSpecification","valueRequired":true,"valueName":"search_term_string"}}],"inLanguage":"de"}]}},"_links":{"self":[{"href":"https:\/\/bernik.si\/de\/wp-json\/wp\/v2\/pages\/1837","targetHints":{"allow":["GET"]}}],"collection":[{"href":"https:\/\/bernik.si\/de\/wp-json\/wp\/v2\/pages"}],"about":[{"href":"https:\/\/bernik.si\/de\/wp-json\/wp\/v2\/types\/page"}],"author":[{"embeddable":true,"href":"https:\/\/bernik.si\/de\/wp-json\/wp\/v2\/users\/1"}],"replies":[{"embeddable":true,"href":"https:\/\/bernik.si\/de\/wp-json\/wp\/v2\/comments?post=1837"}],"version-history":[{"count":12,"href":"https:\/\/bernik.si\/de\/wp-json\/wp\/v2\/pages\/1837\/revisions"}],"predecessor-version":[{"id":1839,"href":"https:\/\/bernik.si\/de\/wp-json\/wp\/v2\/pages\/1837\/revisions\/1839"}],"wp:attachment":[{"href":"https:\/\/bernik.si\/de\/wp-json\/wp\/v2\/media?parent=1837"}],"curies":[{"name":"wp","href":"https:\/\/api.w.org\/{rel}","templated":true}]}}