{"id":1696,"date":"2021-03-10T09:05:32","date_gmt":"2021-03-10T08:05:32","guid":{"rendered":"https:\/\/bernik.si\/leistungen\/mobilni-marketing\/"},"modified":"2021-09-28T19:04:32","modified_gmt":"2021-09-28T17:04:32","slug":"mobil-marketing","status":"publish","type":"page","link":"https:\/\/bernik.si\/de\/leistungen\/mobil-marketing\/","title":{"rendered":"Mobil-Marketing"},"content":{"rendered":"<div class=\"wpb-content-wrapper\"><p>[vc_row css=&#8221;.vc_custom_1630919477152{padding-top: 6vh !important;padding-bottom: 6vh !important;}&#8221;][vc_column width=&#8221;1\/2&#8243;]<div id=\"cz_14191\" class=\"cz_14191 cz_title clr cz_mobile_text_center cz_title_pos_inline\"><div class=\"cz_title_content\"><div class=\"cz_wpe_content\"><h1>Mobil-Marketing<\/h1>\n<\/div><\/div><\/div><div id=\"cz_49170\" class=\"cz_49170 cz_title clr cz_title_pos_inline\"><div class=\"cz_title_content\"><div class=\"cz_wpe_content\"><p>Wenn Sie sich f\u00fcr eine der folgenden Promotionen entschieden haben: Messeteilnahme, Kongress-Promotion bzw. Auftritt oder Konferenz-Promotion bzw. Auftritt, dann bieten wir Ihnen eine breite Auswahl von Artikeln an, wie z.B.: Promotionsw\u00e4nde, Promotionstheken, Roll up St\u00e4nder.<\/p>\n<\/div><\/div><\/div><div class=\"cz_gap clr \" style=\"height: 28px\"><\/div><ul id=\"cz_102704\" class=\"cz_102704 cz_stylish_list clr cz_sl_icon_hover_zoom_in\"><li class=\"clr\"><div class=\"cz_sl_icon\"><i class=\"fas fa-arrow-right mr10\" ><\/i><\/div><div><span>Roll up St\u00e4nder<\/span><\/div><\/li><li class=\"clr\"><div class=\"cz_sl_icon\"><i class=\"fas fa-arrow-right mr10\" ><\/i><\/div><div><span>Werbew\u00e4nde<\/span><\/div><\/li><li class=\"clr\"><div class=\"cz_sl_icon\"><i class=\"fas fa-arrow-right mr10\" ><\/i><\/div><div><span>Promotionstheken<\/span><\/div><\/li><li class=\"clr\"><div class=\"cz_sl_icon\"><i class=\"fas fa-arrow-right mr10\" ><\/i><\/div><div><span>Stockst\u00e4nder<\/span><\/div><\/li><\/ul><div class=\"cz_gap clr \" style=\"height: 28px\"><\/div>[\/vc_column][vc_column width=&#8221;1\/2&#8243;]<div id=\"cz_57250\" data-position=\"top-right\" class=\"cz_57250 cz_image clr cz_image_no_fx center_on_mobile\"><div class=\"\" ><div class=\"cz_image_in\"><div class=\"cz_main_image\"><img loading=\"lazy\" decoding=\"async\" width=\"450\" height=\"562\" src=\"https:\/\/bernik.si\/wp-content\/uploads\/2021\/07\/Napisi-bernik-mobilni-marketing_1.jpg\" class=\"attachment-full\" alt=\"\" title=\"Napisi-bernik-mobilni-marketing_1\" srcset=\"https:\/\/bernik.si\/wp-content\/uploads\/2021\/07\/Napisi-bernik-mobilni-marketing_1.jpg 450w, https:\/\/bernik.si\/wp-content\/uploads\/2021\/07\/Napisi-bernik-mobilni-marketing_1-240x300.jpg 240w\" sizes=\"auto, (max-width: 450px) 100vw, 450px\" \/><\/div><\/div><\/div><\/div>[\/vc_column][\/vc_row][vc_row full_width=&#8221;stretch_row_content_no_spaces&#8221;][vc_column]<div class=\"relative\"><div id=\"cz_70076\" class=\"cz_sep2 cz_sep2_1 cz_sep_rotatey_bottom\"><svg preserveAspectRatio=\"none\" xmlns=\"http:\/\/www.w3.org\/2000\/svg\" width=\"100%\"  viewBox=\"0 0 1600 218\">\n\t\t\t\t\t\t  <path style=\"fill:transparent\" d=\"M-36,213.5L1605,0V228.5H-36v-15Z\"\/>\n\t\t\t\t\t\t  <path style=\"fill:transparent\" d=\"M-36,213.5L1605,32V228.5H-36v-15Z\"\/>\n\t\t\t\t\t\t  <path style=\"fill:#f7f7f7\" d=\"M-36,212L1605,62V228H-36V212Z\"\/>\n\t\t\t\t\t\t<\/svg><\/div><\/div>[\/vc_column][\/vc_row][vc_row full_width=&#8221;stretch_row&#8221; parallax=&#8221;content-moving&#8221; parallax_speed_bg=&#8221;2.5&#8243; css=&#8221;.vc_custom_1615357123927{padding-top: 6vh !important;padding-bottom: 14vh !important;background-color: #f7f7f7 !important;}&#8221;][vc_column]<div id=\"cz_24409\" class=\"cz_24409 cz_title clr cz_mobile_text_center cz_title_ba_line cz_title_pos_inline tac\"><div class=\"cz_title_content\"><div class=\"cz_wpe_content\"><h3 style=\"text-align: center;\"><span style=\"font-family: inherit; color: #b7d43a;\"><span style=\"font-weight: 400; color: #1d1f28;\">GALERIE<\/span><br \/>\n<\/span><\/h3>\n<\/div><div class=\"cz_title_line cz_line_after_title\"><span>_<\/span><\/div><\/div><\/div><div class=\"cz_gap clr \" style=\"height: 32px\"><\/div><div id=\"cz_42541\" class=\"cz_grid_p cz_42541\"><div class=\"cz_grid cz_grid_1 clr cz_grid_c3 cz_grid_1_no_title cz_grid_1_mid tac cz_tooltip cz_grid_1_no_title\"><div class=\"cz_grid_item cz_grid_first\"><\/div><div class=\"cz_grid_item \"><div data-title=\"mobilni_marketing001\"><a class=\"cz_grid_link \" href=\"https:\/\/bernik.si\/wp-content\/uploads\/2021\/03\/mobilni_marketing001.jpg\" data-xtra-lightbox><img decoding=\"async\" class=\"\" src=\"https:\/\/bernik.si\/wp-content\/uploads\/2021\/03\/mobilni_marketing001-440x400.jpg\" width=\"440\" height=\"400\" alt=\"mobilni_marketing001\" title=\"mobilni_marketing001\" loading=\"lazy\" \/><div class=\"cz_grid_details\"><i class=\"fa fa-search cz_grid_icon\"><\/i><\/div><\/a><\/div><\/div><div class=\"cz_grid_item \"><div data-title=\"mobilni_marketing002\"><a class=\"cz_grid_link \" href=\"https:\/\/bernik.si\/wp-content\/uploads\/2021\/03\/mobilni_marketing002.jpg\" data-xtra-lightbox><img decoding=\"async\" class=\"\" src=\"https:\/\/bernik.si\/wp-content\/uploads\/2021\/03\/mobilni_marketing002-440x400.jpg\" width=\"440\" height=\"400\" alt=\"mobilni_marketing002\" title=\"mobilni_marketing002\" loading=\"lazy\" \/><div class=\"cz_grid_details\"><i class=\"fa fa-search cz_grid_icon\"><\/i><\/div><\/a><\/div><\/div><div class=\"cz_grid_item \"><div data-title=\"bernik-mobilni-marketing-1\"><a class=\"cz_grid_link \" href=\"https:\/\/bernik.si\/wp-content\/uploads\/2021\/09\/bernik-mobilni-marketing-1.jpg\" data-xtra-lightbox><img decoding=\"async\" class=\"\" src=\"https:\/\/bernik.si\/wp-content\/uploads\/2021\/09\/bernik-mobilni-marketing-1-440x400.jpg\" width=\"440\" height=\"400\" alt=\"bernik-mobilni-marketing-1\" title=\"bernik-mobilni-marketing-1\" loading=\"lazy\" \/><div class=\"cz_grid_details\"><i class=\"fa fa-search cz_grid_icon\"><\/i><\/div><\/a><\/div><\/div><\/div><\/div>[\/vc_column][\/vc_row][vc_row][vc_column]<div class=\"cz_eqh cz_content_box_parent_fx  \"><div id=\"cz_53576\" class=\"cz_53576 cz_content_box clr\"><div class=\"cz_box_front clr\"><div class=\"cz_box_front_inner clr \"><span><\/span><div><div id=\"cz_79054\" class=\"cz_79054 cz_title clr cz_mobile_text_center cz_title_ba_line cz_title_pos_inline tac\"><div class=\"cz_title_content\"><div class=\"cz_wpe_content\"><h3 style=\"text-align: center;\"><span style=\"font-family: inherit; color: #b7d43a;\"><span style=\"font-weight: 400;\">SIE VERTRAUEN UNS AUCH<\/span><br \/>\n<\/span><\/h3>\n<\/div><div class=\"cz_title_line cz_line_after_title\"><span>_<\/span><\/div><\/div><\/div><div id=\"cz_38010\" class=\"cz_38010 slick arrows_mlr no_dots\" data-slick='{\"selector\":\"\",\"slidesToShow\":5,\"slidesToScroll\":1,\"rows\":1,\"fade\":false,\"vertical\":false,\"verticalSwiping\":false,\"infinite\":true,\"speed\":1000,\"swipeToSlide\":true,\"centerMode\":false,\"centerPadding\":\"\",\"variableWidth\":false,\"autoplay\":true,\"autoplaySpeed\":4000,\"dots\":true,\"counts\":false,\"responsive\":[{\"breakpoint\":769,\"settings\":{\"slidesToShow\":3,\"slidesToScroll\":1,\"infinite\":true,\"touchMove\":true}},{\"breakpoint\":481,\"settings\":{\"slidesToShow\":1,\"slidesToScroll\":1,\"infinite\":true,\"touchMove\":true}}]}' data-slick-prev=\"fa fa-chevron-left\" data-slick-next=\"fa fa-chevron-right\"><div id=\"cz_51083\" data-position=\"top-right\" class=\"cz_51083 cz_image clr cz_image_no_fx center_on_mobile\"><div class=\"\" ><div class=\"cz_image_in\"><div class=\"cz_main_image\"><img loading=\"lazy\" decoding=\"async\" width=\"180\" height=\"118\" src=\"https:\/\/bernik.si\/wp-content\/uploads\/2021\/03\/alpetur1-180x118-1.png\" class=\"attachment-full\" alt=\"\" title=\"alpetur1-180x118\" \/><\/div><\/div><\/div><\/div><div id=\"cz_75716\" data-position=\"top-right\" class=\"cz_75716 cz_image clr cz_image_no_fx center_on_mobile\"><div class=\"\" ><div class=\"cz_image_in\"><div class=\"cz_main_image\"><img loading=\"lazy\" decoding=\"async\" width=\"180\" height=\"118\" src=\"https:\/\/bernik.si\/wp-content\/uploads\/2021\/03\/bss1-180x118-1.png\" class=\"attachment-full\" alt=\"\" title=\"bss1-180x118\" \/><\/div><\/div><\/div><\/div><div id=\"cz_14601\" data-position=\"top-right\" class=\"cz_14601 cz_image clr cz_image_no_fx center_on_mobile\"><div class=\"\" ><div class=\"cz_image_in\"><div class=\"cz_main_image\"><img loading=\"lazy\" decoding=\"async\" width=\"180\" height=\"118\" src=\"https:\/\/bernik.si\/wp-content\/uploads\/2021\/03\/elan-180x118-1.png\" class=\"attachment-full\" alt=\"\" title=\"elan-180x118\" \/><\/div><\/div><\/div><\/div><div id=\"cz_103749\" data-position=\"top-right\" class=\"cz_103749 cz_image clr cz_image_no_fx center_on_mobile\"><div class=\"\" ><div class=\"cz_image_in\"><div class=\"cz_main_image\"><img loading=\"lazy\" decoding=\"async\" width=\"180\" height=\"118\" src=\"https:\/\/bernik.si\/wp-content\/uploads\/2021\/08\/sij-acroni.jpg\" class=\"attachment-full\" alt=\"\" title=\"sij-acroni\" \/><\/div><\/div><\/div><\/div><div id=\"cz_35746\" data-position=\"top-right\" class=\"cz_35746 cz_image clr cz_image_no_fx center_on_mobile\"><div class=\"\" ><div class=\"cz_image_in\"><div class=\"cz_main_image\"><img loading=\"lazy\" decoding=\"async\" width=\"180\" height=\"118\" src=\"https:\/\/bernik.si\/wp-content\/uploads\/2021\/08\/tnp.jpg\" class=\"attachment-full\" alt=\"\" title=\"tnp\" \/><\/div><\/div><\/div><\/div><div id=\"cz_44963\" data-position=\"top-right\" class=\"cz_44963 cz_image clr cz_image_no_fx center_on_mobile\"><div class=\"\" ><div class=\"cz_image_in\"><div class=\"cz_main_image\"><img loading=\"lazy\" decoding=\"async\" width=\"180\" height=\"118\" src=\"https:\/\/bernik.si\/wp-content\/uploads\/2021\/08\/ISKRA.jpg\" class=\"attachment-full\" alt=\"\" title=\"ISKRA\" \/><\/div><\/div><\/div><\/div><div id=\"cz_46214\" data-position=\"top-right\" class=\"cz_46214 cz_image clr cz_image_no_fx center_on_mobile\"><div class=\"\" ><div class=\"cz_image_in\"><div class=\"cz_main_image\"><img loading=\"lazy\" decoding=\"async\" width=\"180\" height=\"118\" src=\"https:\/\/bernik.si\/wp-content\/uploads\/2021\/08\/trziski-muzej.jpg\" class=\"attachment-full\" alt=\"\" title=\"trziski-muzej\" \/><\/div><\/div><\/div><\/div><\/div><div><\/div><\/div><\/div><\/div><\/div><\/div>[\/vc_column][\/vc_row][vc_row full_width=&#8221;stretch_row&#8221; css=&#8221;.vc_custom_1615362522563{padding-top: 6vh !important;padding-bottom: 12vh !important;}&#8221;][vc_column]<div class=\"cz_eqh cz_content_box_parent_fx  \"><div class=\"fx_zoom_0_hover\"><div id=\"cz_108401\" class=\"cz_108401 cz_content_box clr\"><div class=\"cz_box_front clr\"><div class=\"cz_box_front_inner clr \"><span><\/span><div>[vc_row_inner][vc_column_inner offset=&#8221;vc_col-lg-9 vc_col-md-12 vc_col-xs-12&#8243;]<div id=\"cz_53955\" class=\"cz_53955 cz_title clr cz_title_has_icon cz_title_pos_inline\"><div class=\"cz_title_content\"><i class=\"cz_title_icon_before fa fa-check\"><\/i><div class=\"cz_wpe_content\"><h3><span style=\"font-size: 32px; color: #ffffff;\">Grafische Dienstleistungen f\u00fcr Ihr Unternehmen.<\/span><\/h3>\n<p><span style=\"color: #ffffff;\">Lassen Sie uns \u00fcber Ihre neue grafische Ausstattung des Fahrzeugs, des Gel\u00e4ndes, der Werbetafel sprechen &#8230;<\/span><\/p>\n<\/div><\/div><\/div>[\/vc_column_inner][vc_column_inner offset=&#8221;vc_col-lg-3 vc_col-md-12 vc_col-xs-12&#8243;]<div class=\"cz_btn_center\"><div class=\"cz_50730_p\"><a id=\"cz_50730\" class=\"cz_50730 cz_btn cz_btn_txt_no_fx cz_btn_no_fx\" href=\"\/de\/kontakt\/\" title=\"Kontakt\" aria-label=\"Kontakt\"><span><i class=\"fa fa-angle-right\"><\/i><strong>Kontaktieren Sie uns<\/strong><\/span><b class=\"cz_btn_onhover\"><i class=\"fa fa-angle-right\"><\/i><strong>Kontaktieren Sie uns<\/strong><\/b><\/a><\/div><\/div>[\/vc_column_inner][\/vc_row_inner]<\/div><\/div><\/div><\/div><\/div><\/div>[\/vc_column][\/vc_row][vc_row][vc_column]<div class=\"cz_btn_center\"><div class=\"cz_69318_p\"><a id=\"cz_69318\" class=\"cz_69318 cz_btn cz_btn_txt_no_fx cz_btn_no_fx\" href=\"\/de\/leistungen\/\" title=\"Leistungen\" aria-label=\"Leistungen\"><span><strong>UNESERE LEISTUNGEN<\/strong><\/span><b class=\"cz_btn_onhover\"><strong>UNESERE LEISTUNGEN<\/strong><\/b><\/a><\/div><\/div>[\/vc_column][\/vc_row][vc_row full_width=&#8221;stretch_row_content_no_spaces&#8221;][vc_column]<div class=\"relative\"><div id=\"cz_91796\" class=\"cz_sep2 cz_sep2_1 cz_sep_rotatey_bottom\"><svg preserveAspectRatio=\"none\" xmlns=\"http:\/\/www.w3.org\/2000\/svg\" width=\"100%\"  viewBox=\"0 0 1600 218\">\n\t\t\t\t\t\t  <path style=\"fill:transparent\" d=\"M-36,213.5L1605,0V228.5H-36v-15Z\"\/>\n\t\t\t\t\t\t  <path style=\"fill:transparent\" d=\"M-36,213.5L1605,32V228.5H-36v-15Z\"\/>\n\t\t\t\t\t\t  <path style=\"fill:#12141d\" d=\"M-36,212L1605,62V228H-36V212Z\"\/>\n\t\t\t\t\t\t<\/svg><\/div><\/div>[\/vc_column][\/vc_row]<\/p>\n<\/div>","protected":false},"excerpt":{"rendered":"<p>[vc_row css=&#8221;.vc_custom_1630919477152{padding-top: 6vh !important;padding-bottom: 6vh !important;}&#8221;][vc_column width=&#8221;1\/2&#8243;][\/vc_column][vc_column width=&#8221;1\/2&#8243;][\/vc_column][\/vc_row][vc_row full_width=&#8221;stretch_row_content_no_spaces&#8221;][vc_column][\/vc_column][\/vc_row][vc_row full_width=&#8221;stretch_row&#8221; parallax=&#8221;content-moving&#8221; &#8230; <\/p>\n","protected":false},"author":1,"featured_media":0,"parent":1684,"menu_order":0,"comment_status":"closed","ping_status":"closed","template":"","meta":{"iawp_total_views":3,"footnotes":""},"class_list":["post-1696","page","type-page","status-publish","hentry"],"yoast_head":"<!-- This site is optimized with the Yoast SEO plugin v26.1.1 - https:\/\/yoast.com\/wordpress\/plugins\/seo\/ -->\n<title>Mobil-Marketing - Napisi Bernik. Grafi\u010dne storitve za va\u0161 posel.<\/title>\n<meta name=\"robots\" content=\"index, follow, max-snippet:-1, max-image-preview:large, max-video-preview:-1\" \/>\n<link rel=\"canonical\" href=\"https:\/\/bernik.si\/de\/leistungen\/mobil-marketing\/\" \/>\n<meta property=\"og:locale\" content=\"de_DE\" \/>\n<meta property=\"og:type\" content=\"article\" \/>\n<meta property=\"og:title\" content=\"Mobil-Marketing - Napisi Bernik. Grafi\u010dne storitve za va\u0161 posel.\" \/>\n<meta property=\"og:description\" content=\"[vc_row css=&#8221;.vc_custom_1630919477152{padding-top: 6vh !important;padding-bottom: 6vh !important;}&#8221;][vc_column width=&#8221;1\/2&#8243;][\/vc_column][vc_column width=&#8221;1\/2&#8243;][\/vc_column][\/vc_row][vc_row full_width=&#8221;stretch_row_content_no_spaces&#8221;][vc_column][\/vc_column][\/vc_row][vc_row full_width=&#8221;stretch_row&#8221; parallax=&#8221;content-moving&#8221; ...\" \/>\n<meta property=\"og:url\" content=\"https:\/\/bernik.si\/de\/leistungen\/mobil-marketing\/\" \/>\n<meta property=\"og:site_name\" content=\"Napisi Bernik. Grafi\u010dne storitve za va\u0161 posel.\" \/>\n<meta property=\"article:modified_time\" content=\"2021-09-28T17:04:32+00:00\" \/>\n<meta name=\"twitter:card\" content=\"summary_large_image\" \/>\n<meta name=\"twitter:label1\" content=\"Gesch\u00e4tzte Lesezeit\" \/>\n\t<meta name=\"twitter:data1\" content=\"1\u00a0Minute\" \/>\n<script type=\"application\/ld+json\" class=\"yoast-schema-graph\">{\"@context\":\"https:\/\/schema.org\",\"@graph\":[{\"@type\":\"WebPage\",\"@id\":\"https:\/\/bernik.si\/de\/leistungen\/mobil-marketing\/\",\"url\":\"https:\/\/bernik.si\/de\/leistungen\/mobil-marketing\/\",\"name\":\"Mobil-Marketing - Napisi Bernik. Grafi\u010dne storitve za va\u0161 posel.\",\"isPartOf\":{\"@id\":\"https:\/\/bernik.si\/de\/#website\"},\"datePublished\":\"2021-03-10T08:05:32+00:00\",\"dateModified\":\"2021-09-28T17:04:32+00:00\",\"breadcrumb\":{\"@id\":\"https:\/\/bernik.si\/de\/leistungen\/mobil-marketing\/#breadcrumb\"},\"inLanguage\":\"de\",\"potentialAction\":[{\"@type\":\"ReadAction\",\"target\":[\"https:\/\/bernik.si\/de\/leistungen\/mobil-marketing\/\"]}]},{\"@type\":\"BreadcrumbList\",\"@id\":\"https:\/\/bernik.si\/de\/leistungen\/mobil-marketing\/#breadcrumb\",\"itemListElement\":[{\"@type\":\"ListItem\",\"position\":1,\"name\":\"Home\",\"item\":\"https:\/\/bernik.si\/de\/\"},{\"@type\":\"ListItem\",\"position\":2,\"name\":\"Leistungen\",\"item\":\"https:\/\/bernik.si\/de\/leistungen\/\"},{\"@type\":\"ListItem\",\"position\":3,\"name\":\"Mobil-Marketing\"}]},{\"@type\":\"WebSite\",\"@id\":\"https:\/\/bernik.si\/de\/#website\",\"url\":\"https:\/\/bernik.si\/de\/\",\"name\":\"Napisi Bernik. Grafi\u010dne storitve za va\u0161 posel.\",\"description\":\"Grafi\u010dne storitve za va\u0161 posel\",\"potentialAction\":[{\"@type\":\"SearchAction\",\"target\":{\"@type\":\"EntryPoint\",\"urlTemplate\":\"https:\/\/bernik.si\/de\/?s={search_term_string}\"},\"query-input\":{\"@type\":\"PropertyValueSpecification\",\"valueRequired\":true,\"valueName\":\"search_term_string\"}}],\"inLanguage\":\"de\"}]}<\/script>\n<!-- \/ Yoast SEO plugin. -->","yoast_head_json":{"title":"Mobil-Marketing - Napisi Bernik. Grafi\u010dne storitve za va\u0161 posel.","robots":{"index":"index","follow":"follow","max-snippet":"max-snippet:-1","max-image-preview":"max-image-preview:large","max-video-preview":"max-video-preview:-1"},"canonical":"https:\/\/bernik.si\/de\/leistungen\/mobil-marketing\/","og_locale":"de_DE","og_type":"article","og_title":"Mobil-Marketing - Napisi Bernik. Grafi\u010dne storitve za va\u0161 posel.","og_description":"[vc_row css=&#8221;.vc_custom_1630919477152{padding-top: 6vh !important;padding-bottom: 6vh !important;}&#8221;][vc_column width=&#8221;1\/2&#8243;][\/vc_column][vc_column width=&#8221;1\/2&#8243;][\/vc_column][\/vc_row][vc_row full_width=&#8221;stretch_row_content_no_spaces&#8221;][vc_column][\/vc_column][\/vc_row][vc_row full_width=&#8221;stretch_row&#8221; parallax=&#8221;content-moving&#8221; ...","og_url":"https:\/\/bernik.si\/de\/leistungen\/mobil-marketing\/","og_site_name":"Napisi Bernik. Grafi\u010dne storitve za va\u0161 posel.","article_modified_time":"2021-09-28T17:04:32+00:00","twitter_card":"summary_large_image","twitter_misc":{"Gesch\u00e4tzte Lesezeit":"1\u00a0Minute"},"schema":{"@context":"https:\/\/schema.org","@graph":[{"@type":"WebPage","@id":"https:\/\/bernik.si\/de\/leistungen\/mobil-marketing\/","url":"https:\/\/bernik.si\/de\/leistungen\/mobil-marketing\/","name":"Mobil-Marketing - Napisi Bernik. Grafi\u010dne storitve za va\u0161 posel.","isPartOf":{"@id":"https:\/\/bernik.si\/de\/#website"},"datePublished":"2021-03-10T08:05:32+00:00","dateModified":"2021-09-28T17:04:32+00:00","breadcrumb":{"@id":"https:\/\/bernik.si\/de\/leistungen\/mobil-marketing\/#breadcrumb"},"inLanguage":"de","potentialAction":[{"@type":"ReadAction","target":["https:\/\/bernik.si\/de\/leistungen\/mobil-marketing\/"]}]},{"@type":"BreadcrumbList","@id":"https:\/\/bernik.si\/de\/leistungen\/mobil-marketing\/#breadcrumb","itemListElement":[{"@type":"ListItem","position":1,"name":"Home","item":"https:\/\/bernik.si\/de\/"},{"@type":"ListItem","position":2,"name":"Leistungen","item":"https:\/\/bernik.si\/de\/leistungen\/"},{"@type":"ListItem","position":3,"name":"Mobil-Marketing"}]},{"@type":"WebSite","@id":"https:\/\/bernik.si\/de\/#website","url":"https:\/\/bernik.si\/de\/","name":"Napisi Bernik. Grafi\u010dne storitve za va\u0161 posel.","description":"Grafi\u010dne storitve za va\u0161 posel","potentialAction":[{"@type":"SearchAction","target":{"@type":"EntryPoint","urlTemplate":"https:\/\/bernik.si\/de\/?s={search_term_string}"},"query-input":{"@type":"PropertyValueSpecification","valueRequired":true,"valueName":"search_term_string"}}],"inLanguage":"de"}]}},"_links":{"self":[{"href":"https:\/\/bernik.si\/de\/wp-json\/wp\/v2\/pages\/1696","targetHints":{"allow":["GET"]}}],"collection":[{"href":"https:\/\/bernik.si\/de\/wp-json\/wp\/v2\/pages"}],"about":[{"href":"https:\/\/bernik.si\/de\/wp-json\/wp\/v2\/types\/page"}],"author":[{"embeddable":true,"href":"https:\/\/bernik.si\/de\/wp-json\/wp\/v2\/users\/1"}],"replies":[{"embeddable":true,"href":"https:\/\/bernik.si\/de\/wp-json\/wp\/v2\/comments?post=1696"}],"version-history":[{"count":5,"href":"https:\/\/bernik.si\/de\/wp-json\/wp\/v2\/pages\/1696\/revisions"}],"predecessor-version":[{"id":1994,"href":"https:\/\/bernik.si\/de\/wp-json\/wp\/v2\/pages\/1696\/revisions\/1994"}],"up":[{"embeddable":true,"href":"https:\/\/bernik.si\/de\/wp-json\/wp\/v2\/pages\/1684"}],"wp:attachment":[{"href":"https:\/\/bernik.si\/de\/wp-json\/wp\/v2\/media?parent=1696"}],"curies":[{"name":"wp","href":"https:\/\/api.w.org\/{rel}","templated":true}]}}